{"id":2796,"date":"2022-11-06T12:47:16","date_gmt":"2022-11-06T11:47:16","guid":{"rendered":"https:\/\/sculpture-park-wesenberg-bei-wu.de\/anfahrt-und-oeffnungszeiten\/"},"modified":"2025-05-06T09:54:23","modified_gmt":"2025-05-06T07:54:23","slug":"anfahrt-und-oeffnungszeiten","status":"publish","type":"page","link":"https:\/\/sculpture-park-wesenberg-bei-wu.de\/de\/anfahrt-und-oeffnungszeiten\/","title":{"rendered":"Anfahrt und \u00d6ffnungszeiten"},"content":{"rendered":"\t\t<div data-elementor-type=\"wp-page\" data-elementor-id=\"2796\" class=\"elementor elementor-2796 elementor-2177\">\n\t\t\t\t\t\t<section class=\"elementor-section elementor-top-section elementor-element elementor-element-7483668a elementor-section-boxed elementor-section-height-default elementor-section-height-default elementor-invisible\" data-id=\"7483668a\" data-element_type=\"section\" data-e-type=\"section\" data-settings=\"{&quot;background_background&quot;:&quot;classic&quot;,&quot;animation&quot;:&quot;fadeIn&quot;}\">\n\t\t\t\t\t\t\t<div class=\"elementor-background-overlay\"><\/div>\n\t\t\t\t\t\t\t<div class=\"elementor-container elementor-column-gap-default\">\n\t\t\t\t\t<div class=\"elementor-column elementor-col-100 elementor-top-column elementor-element elementor-element-759e81c5\" data-id=\"759e81c5\" data-element_type=\"column\" data-e-type=\"column\">\n\t\t\t<div class=\"elementor-widget-wrap elementor-element-populated\">\n\t\t\t\t\t\t<div class=\"elementor-element elementor-element-2afe0916 elementor-invisible elementor-widget elementor-widget-heading\" data-id=\"2afe0916\" data-element_type=\"widget\" data-e-type=\"widget\" data-settings=\"{&quot;_animation&quot;:&quot;fadeInUp&quot;}\" data-widget_type=\"heading.default\">\n\t\t\t\t<div class=\"elementor-widget-container\">\n\t\t\t\t\t<h1 class=\"elementor-heading-title elementor-size-default\">\u00d6ffnungszeiten &amp; Wegbeschreibung <\/h1>\t\t\t\t<\/div>\n\t\t\t\t<\/div>\n\t\t\t\t\t<\/div>\n\t\t<\/div>\n\t\t\t\t\t<\/div>\n\t\t<\/section>\n\t\t\t\t<section class=\"elementor-section elementor-top-section elementor-element elementor-element-3eb6db94 elementor-section-boxed elementor-section-height-default elementor-section-height-default\" data-id=\"3eb6db94\" data-element_type=\"section\" data-e-type=\"section\" data-settings=\"{&quot;background_background&quot;:&quot;classic&quot;}\">\n\t\t\t\t\t\t<div class=\"elementor-container elementor-column-gap-default\">\n\t\t\t\t\t<div class=\"elementor-column elementor-col-100 elementor-top-column elementor-element elementor-element-43a59881\" data-id=\"43a59881\" data-element_type=\"column\" data-e-type=\"column\">\n\t\t\t<div class=\"elementor-widget-wrap elementor-element-populated\">\n\t\t\t\t\t\t<div class=\"elementor-element elementor-element-015584b elementor-widget elementor-widget-menu-anchor\" data-id=\"015584b\" data-element_type=\"widget\" data-e-type=\"widget\" data-widget_type=\"menu-anchor.default\">\n\t\t\t\t<div class=\"elementor-widget-container\">\n\t\t\t\t\t\t\t<div class=\"elementor-menu-anchor\" id=\"ffnungszeiten\"><\/div>\n\t\t\t\t\t\t<\/div>\n\t\t\t\t<\/div>\n\t\t\t\t<div class=\"elementor-element elementor-element-48928dd2 elementor-widget elementor-widget-text-editor\" data-id=\"48928dd2\" data-element_type=\"widget\" data-e-type=\"widget\" data-widget_type=\"text-editor.default\">\n\t\t\t\t<div class=\"elementor-widget-container\">\n\t\t\t\t\t\t\t\t\t<p class=\"s3\"><span class=\"s4\">Ge\u00f6ffnet f\u00fcr die \u00d6ffentlichkeit vom 16. Mai  <\/span>bis 13. Oktober 2025 <\/p>\n<p class=\"s3\"><span class=\"s4\">T\u00e4glich au\u00dfer montags<\/span><\/p>\n<p class=\"s3\"><span class=\"s4\">Galerien und Skulpturenpark von 10:00 Uhr bis 16:00 Uhr<\/span><\/p>\n<p class=\"s3\"><span class=\"s4\">Eintrittspreis 10 Euro f\u00fcr Erwachsene<\/span><\/p>\n<p class=\"s3\"><span class=\"s4\">Freier Eintritt f\u00fcr Kinder bis 16 Jahre<\/span><\/p>\n<p>Rufnummer +49 (39832) 26 24 66<\/p>\n<p><a href=\"mailto:info@sculpture-park-wesenberg-bei-wu.de\">info@sculpture-park-wesenberg-bei-wu.de<\/a><\/p>\t\t\t\t\t\t\t\t<\/div>\n\t\t\t\t<\/div>\n\t\t\t\t<div class=\"elementor-element elementor-element-45b06833 elementor-widget elementor-widget-spacer\" data-id=\"45b06833\" data-element_type=\"widget\" data-e-type=\"widget\" data-widget_type=\"spacer.default\">\n\t\t\t\t<div class=\"elementor-widget-container\">\n\t\t\t\t\t\t\t<div class=\"elementor-spacer\">\n\t\t\t<div class=\"elementor-spacer-inner\"><\/div>\n\t\t<\/div>\n\t\t\t\t\t\t<\/div>\n\t\t\t\t<\/div>\n\t\t\t\t<div class=\"elementor-element elementor-element-0b0692a elementor-widget elementor-widget-menu-anchor\" data-id=\"0b0692a\" data-element_type=\"widget\" data-e-type=\"widget\" data-widget_type=\"menu-anchor.default\">\n\t\t\t\t<div class=\"elementor-widget-container\">\n\t\t\t\t\t\t\t<div class=\"elementor-menu-anchor\" id=\"Anfahrtsbeschreibung\"><\/div>\n\t\t\t\t\t\t<\/div>\n\t\t\t\t<\/div>\n\t\t\t\t<div class=\"elementor-element elementor-element-7b5f7b elementor-widget elementor-widget-text-editor\" data-id=\"7b5f7b\" data-element_type=\"widget\" data-e-type=\"widget\" data-widget_type=\"text-editor.default\">\n\t\t\t\t<div class=\"elementor-widget-container\">\n\t\t\t\t\t\t\t\t\t<h2><strong><span style=\"color: #333333;\">Anfahrtsbeschreibung<br><\/span><\/strong><\/h2>\n<p><span style=\"color: #333333;\">Unser Vorschlag f\u00fcr eine landschaftlich reizvolle Route von Berlin nach Wesenberg f\u00fchrt \u00fcber L\u00f6wenberg; Meseberg; Rheinsberg.<\/span><\/p>\n<p><span style=\"color: #333333;\">Kostenlose Parkpl\u00e4tze stehen Vor Ort zur Verf\u00fcgung.<\/span><\/p>\n<p><span style=\"color: #333333;\">Bitte beachten Sie, dass Navigationssysteme im Auto mit unserer Adresse<\/span><\/p>\n<p><span style=\"color: #333333;\">Am Wei\u00dfen See 3, 17255 Wesenberg, oft zu einer Sackgasse am Strandrestaurant f\u00fchren.<\/span><\/p>\n<p><span style=\"color: #333333;\">Stellen Sie das Navigationsger\u00e4t einfach auf 17255 Wesenberg ein, und wenn Sie in unserer Stadt angekommen sind, finden Sie zahlreiche Hinweisschilder, die zu unseren Familienbesitzungen K\u00fcnstler Bei Wu und Skulpturenpark Wesenberg f\u00fchren.<\/span><\/p>\n<p><span style=\"color: #333333;\">Wenn Sie Interesse an unseren Ferienh\u00e4usern im Landhausstil haben, besuchen Sie bitte die unsere Website:<\/span><\/p>\n<p><span style=\"color: #333333;\"><a style=\"color: #333333;\" href=\"http:\/\/www.park-residenz-bei-wu.de\" target=\"_blank\" rel=\"noopener\"><span style=\"color: #0000ff;\">www.park-residence-bei-wu.de<\/span><\/a><\/span><\/p>\t\t\t\t\t\t\t\t<\/div>\n\t\t\t\t<\/div>\n\t\t\t\t<div class=\"elementor-element elementor-element-1905c585 elementor-widget elementor-widget-html\" data-id=\"1905c585\" data-element_type=\"widget\" data-e-type=\"widget\" data-widget_type=\"html.default\">\n\t\t\t\t<div class=\"elementor-widget-container\">\n\t\t\t\t\t<div id=\"map\" style=\"height:300px;width:100%\"><\/div>\n <script type=\"text\/javascript\" src=\"\/wp-content\/themes\/hello-theme-child\/map.js\"><\/script>\t\t\t\t<\/div>\n\t\t\t\t<\/div>\n\t\t\t\t<div class=\"elementor-element elementor-element-40084db5 elementor-widget elementor-widget-spacer\" data-id=\"40084db5\" data-element_type=\"widget\" data-e-type=\"widget\" data-widget_type=\"spacer.default\">\n\t\t\t\t<div class=\"elementor-widget-container\">\n\t\t\t\t\t\t\t<div class=\"elementor-spacer\">\n\t\t\t<div class=\"elementor-spacer-inner\"><\/div>\n\t\t<\/div>\n\t\t\t\t\t\t<\/div>\n\t\t\t\t<\/div>\n\t\t\t\t\t<\/div>\n\t\t<\/div>\n\t\t\t\t\t<\/div>\n\t\t<\/section>\n\t\t\t\t<\/div>\n\t\t","protected":false},"excerpt":{"rendered":"<p>\u00d6ffnungszeiten &amp; Wegbeschreibung Ge\u00f6ffnet f\u00fcr die \u00d6ffentlichkeit vom 16. Mai bis 13. Oktober 2025 T\u00e4glich au\u00dfer montags Galerien und Skulpturenpark von 10:00 Uhr bis 16:00 Uhr Eintrittspreis 10 Euro f\u00fcr Erwachsene Freier Eintritt f\u00fcr Kinder bis 16 Jahre Rufnummer +49 (39832) 26 24 66 info@sculpture-park-wesenberg-bei-wu.de Anfahrtsbeschreibung Unser Vorschlag f\u00fcr eine landschaftlich reizvolle Route von Berlin [&hellip;]<\/p>\n","protected":false},"author":2,"featured_media":0,"parent":0,"menu_order":0,"comment_status":"closed","ping_status":"closed","template":"","meta":{"footnotes":""},"class_list":["post-2796","page","type-page","status-publish","hentry"],"_links":{"self":[{"href":"https:\/\/sculpture-park-wesenberg-bei-wu.de\/de\/wp-json\/wp\/v2\/pages\/2796","targetHints":{"allow":["GET"]}}],"collection":[{"href":"https:\/\/sculpture-park-wesenberg-bei-wu.de\/de\/wp-json\/wp\/v2\/pages"}],"about":[{"href":"https:\/\/sculpture-park-wesenberg-bei-wu.de\/de\/wp-json\/wp\/v2\/types\/page"}],"author":[{"embeddable":true,"href":"https:\/\/sculpture-park-wesenberg-bei-wu.de\/de\/wp-json\/wp\/v2\/users\/2"}],"replies":[{"embeddable":true,"href":"https:\/\/sculpture-park-wesenberg-bei-wu.de\/de\/wp-json\/wp\/v2\/comments?post=2796"}],"version-history":[{"count":16,"href":"https:\/\/sculpture-park-wesenberg-bei-wu.de\/de\/wp-json\/wp\/v2\/pages\/2796\/revisions"}],"predecessor-version":[{"id":3009,"href":"https:\/\/sculpture-park-wesenberg-bei-wu.de\/de\/wp-json\/wp\/v2\/pages\/2796\/revisions\/3009"}],"wp:attachment":[{"href":"https:\/\/sculpture-park-wesenberg-bei-wu.de\/de\/wp-json\/wp\/v2\/media?parent=2796"}],"curies":[{"name":"wp","href":"https:\/\/api.w.org\/{rel}","templated":true}]}}