{"id":2802,"date":"2022-11-06T12:53:38","date_gmt":"2022-11-06T11:53:38","guid":{"rendered":"https:\/\/sculpture-park-wesenberg-bei-wu.de\/park-residenz-bei-wu\/"},"modified":"2023-04-22T21:37:08","modified_gmt":"2023-04-22T19:37:08","slug":"park-residenz-bei-wu","status":"publish","type":"page","link":"https:\/\/sculpture-park-wesenberg-bei-wu.de\/de\/park-residenz-bei-wu\/","title":{"rendered":"Park Residenz bei Wu"},"content":{"rendered":"\t\t<div data-elementor-type=\"wp-page\" data-elementor-id=\"2802\" class=\"elementor elementor-2802 elementor-2394\">\n\t\t\t\t\t\t<section class=\"elementor-section elementor-top-section elementor-element elementor-element-4045f453 elementor-section-full_width elementor-section-height-min-height elementor-section-height-default elementor-section-items-middle\" data-id=\"4045f453\" data-element_type=\"section\" data-e-type=\"section\" data-settings=\"{&quot;background_background&quot;:&quot;classic&quot;}\">\n\t\t\t\t\t\t\t<div class=\"elementor-background-overlay\"><\/div>\n\t\t\t\t\t\t\t<div class=\"elementor-container elementor-column-gap-default\">\n\t\t\t\t\t<div class=\"elementor-column elementor-col-100 elementor-top-column elementor-element elementor-element-5dccbfdb\" data-id=\"5dccbfdb\" data-element_type=\"column\" data-e-type=\"column\">\n\t\t\t<div class=\"elementor-widget-wrap elementor-element-populated\">\n\t\t\t\t\t\t<div class=\"elementor-element elementor-element-bb07d3a elementor-widget elementor-widget-heading\" data-id=\"bb07d3a\" data-element_type=\"widget\" data-e-type=\"widget\" data-widget_type=\"heading.default\">\n\t\t\t\t<div class=\"elementor-widget-container\">\n\t\t\t\t\t<h2 class=\"elementor-heading-title elementor-size-default\"><a href=\"https:\/\/park-residence-bei-wu.de\/\" target=\"_blank\">Park Residence Bei Wu<\/a><\/h2>\t\t\t\t<\/div>\n\t\t\t\t<\/div>\n\t\t\t\t<div class=\"elementor-element elementor-element-bd317a9 elementor-widget elementor-widget-heading\" data-id=\"bd317a9\" data-element_type=\"widget\" data-e-type=\"widget\" data-widget_type=\"heading.default\">\n\t\t\t\t<div class=\"elementor-widget-container\">\n\t\t\t\t\t<h2 class=\"elementor-heading-title elementor-size-default\"><a href=\"https:\/\/park-residence-bei-wu.de\/\" target=\"_blank\">Exklusiver Landhaus Lebensstil im B&amp;B am Weissen See<\/a><\/h2>\t\t\t\t<\/div>\n\t\t\t\t<\/div>\n\t\t\t\t\t<\/div>\n\t\t<\/div>\n\t\t\t\t\t<\/div>\n\t\t<\/section>\n\t\t\t\t<section class=\"elementor-section elementor-top-section elementor-element elementor-element-3175f791 elementor-section-boxed elementor-section-height-default elementor-section-height-default\" data-id=\"3175f791\" data-element_type=\"section\" data-e-type=\"section\" data-settings=\"{&quot;background_background&quot;:&quot;classic&quot;}\">\n\t\t\t\t\t\t<div class=\"elementor-container elementor-column-gap-default\">\n\t\t\t\t\t<div class=\"elementor-column elementor-col-100 elementor-top-column elementor-element elementor-element-7c5acf1e\" data-id=\"7c5acf1e\" data-element_type=\"column\" data-e-type=\"column\">\n\t\t\t<div class=\"elementor-widget-wrap elementor-element-populated\">\n\t\t\t\t\t\t<div class=\"elementor-element elementor-element-4ed89c14 elementor-widget elementor-widget-spacer\" data-id=\"4ed89c14\" data-element_type=\"widget\" data-e-type=\"widget\" data-widget_type=\"spacer.default\">\n\t\t\t\t<div class=\"elementor-widget-container\">\n\t\t\t\t\t\t\t<div class=\"elementor-spacer\">\n\t\t\t<div class=\"elementor-spacer-inner\"><\/div>\n\t\t<\/div>\n\t\t\t\t\t\t<\/div>\n\t\t\t\t<\/div>\n\t\t\t\t<div class=\"elementor-element elementor-element-601f8db8 elementor-widget elementor-widget-text-editor\" data-id=\"601f8db8\" data-element_type=\"widget\" data-e-type=\"widget\" data-widget_type=\"text-editor.default\">\n\t\t\t\t<div class=\"elementor-widget-container\">\n\t\t\t\t\t\t\t\t\t<p class=\"p1\" style=\"text-align: center;\">Als ein beliebtes Reiseziel am Eingang des weltber\u00fchmten M\u00fcritz Nationalparks gelegen, gibt es in der Park Residenz Bei Wu neben exquisiter Unterbringung auch ein reichhaltiges Angebot von Kunst und Musik.<\/p>\n<p class=\"p1\" style=\"text-align: center;\">Die Sporteinrichtungen sind hier perfekt f\u00fcr Naturliebhaber; neben dem zum Schwimmen verlockenden kristallklaren Wasser des Weissen Sees l\u00e4dt die wald- und wasserreiche Umgebung ein zu weiteren sportlichen Aktivit\u00e4ten wie Wandern, Radfahren, Kanu Touring und Bootsausfl\u00fcgen auf der Mecklenburgischen Seenplatte.<\/p>\n\t\t\t\t\t\t\t\t<\/div>\n\t\t\t\t<\/div>\n\t\t\t\t<div class=\"elementor-element elementor-element-2723c799 elementor-widget elementor-widget-spacer\" data-id=\"2723c799\" data-element_type=\"widget\" data-e-type=\"widget\" data-widget_type=\"spacer.default\">\n\t\t\t\t<div class=\"elementor-widget-container\">\n\t\t\t\t\t\t\t<div class=\"elementor-spacer\">\n\t\t\t<div class=\"elementor-spacer-inner\"><\/div>\n\t\t<\/div>\n\t\t\t\t\t\t<\/div>\n\t\t\t\t<\/div>\n\t\t\t\t<div class=\"elementor-element elementor-element-77b4f8d1 elementor-widget elementor-widget-customvideo\" data-id=\"77b4f8d1\" data-element_type=\"widget\" data-e-type=\"widget\" data-widget_type=\"customvideo.default\">\n\t\t\t\t<div class=\"elementor-widget-container\">\n\t\t\t\t\t<div class=\"customvideo video-235859398\"><lite-vimeo videoid=\"235859398\"><\/lite-vimeo><\/div>\t\t\t\t<\/div>\n\t\t\t\t<\/div>\n\t\t\t\t<div class=\"elementor-element elementor-element-74c2ec82 elementor-widget elementor-widget-text-editor\" data-id=\"74c2ec82\" data-element_type=\"widget\" data-e-type=\"widget\" data-widget_type=\"text-editor.default\">\n\t\t\t\t<div class=\"elementor-widget-container\">\n\t\t\t\t\t\t\t\t\t<p style=\"text-align: center;\">Wir stellen und vor \u2026 (2 minutes)<\/p>\n\t\t\t\t\t\t\t\t<\/div>\n\t\t\t\t<\/div>\n\t\t\t\t<div class=\"elementor-element elementor-element-361a0c74 elementor-widget elementor-widget-spacer\" data-id=\"361a0c74\" data-element_type=\"widget\" data-e-type=\"widget\" data-widget_type=\"spacer.default\">\n\t\t\t\t<div class=\"elementor-widget-container\">\n\t\t\t\t\t\t\t<div class=\"elementor-spacer\">\n\t\t\t<div class=\"elementor-spacer-inner\"><\/div>\n\t\t<\/div>\n\t\t\t\t\t\t<\/div>\n\t\t\t\t<\/div>\n\t\t\t\t<div class=\"elementor-element elementor-element-26875a61 elementor-widget elementor-widget-text-editor\" data-id=\"26875a61\" data-element_type=\"widget\" data-e-type=\"widget\" data-widget_type=\"text-editor.default\">\n\t\t\t\t<div class=\"elementor-widget-container\">\n\t\t\t\t\t\t\t\t\t<h2 style=\"text-align: center;\"><span style=\"color: #000000;\">ZIMMER UND APARTMENTS<\/span><\/h2>\n\t\t\t\t\t\t\t\t<\/div>\n\t\t\t\t<\/div>\n\t\t\t\t<div class=\"elementor-element elementor-element-6dd6ef8 elementor-widget elementor-widget-shortcode\" data-id=\"6dd6ef8\" data-element_type=\"widget\" data-e-type=\"widget\" data-widget_type=\"shortcode.default\">\n\t\t\t\t<div class=\"elementor-widget-container\">\n\t\t\t\t\t\t\t<div class=\"elementor-shortcode\">\n\t\t<!-- MasterSlider -->\n\t\t<div id=\"P_MS69f7d43a893a4\" class=\"master-slider-parent ms-thumbs-template ms-parent-id-2\" style=\"max-width:1000px;\" >\n\n\t\t\t\n\t\t\t<!-- MasterSlider Main -->\n\t\t\t<div id=\"MS69f7d43a893a4\" class=\"master-slider ms-skin-light-3\" >\n\t\t\t\t \t\t\t\t \n\n\t\t\t<div  class=\"ms-slide\" data-delay=\"3\" data-fill-mode=\"fill\"   >\n\t\t\t\t\t<img decoding=\"async\" src=\"https:\/\/sculpture-park-wesenberg-bei-wu.de\/wp-content\/plugins\/masterslider\/public\/assets\/css\/blank.gif\" alt=\"\" title=\"\" data-src=\"https:\/\/sculpture-park-wesenberg-bei-wu.de\/wp-content\/uploads\/Villa-Ground-2_1024.jpg\" \/>\n\n\n\t<img decoding=\"async\" class=\"ms-thumb\" src=\"https:\/\/sculpture-park-wesenberg-bei-wu.de\/wp-content\/uploads\/Villa-Ground-2_1024.jpg\" alt=\"\" \/>\n\t\t\t\t<\/div>\n\t\t\t<div  class=\"ms-slide\" data-delay=\"3\" data-fill-mode=\"fill\"   >\n\t\t\t\t\t<img decoding=\"async\" src=\"https:\/\/sculpture-park-wesenberg-bei-wu.de\/wp-content\/plugins\/masterslider\/public\/assets\/css\/blank.gif\" alt=\"\" title=\"\" data-src=\"https:\/\/sculpture-park-wesenberg-bei-wu.de\/wp-content\/uploads\/Villa-Ground-3_1024.jpg\" \/>\n\n\n\t<img decoding=\"async\" class=\"ms-thumb\" src=\"https:\/\/sculpture-park-wesenberg-bei-wu.de\/wp-content\/uploads\/Villa-Ground-3_1024.jpg\" alt=\"\" \/>\n\t\t\t\t<\/div>\n\t\t\t<div  class=\"ms-slide\" data-delay=\"3\" data-fill-mode=\"fill\"   >\n\t\t\t\t\t<img decoding=\"async\" src=\"https:\/\/sculpture-park-wesenberg-bei-wu.de\/wp-content\/plugins\/masterslider\/public\/assets\/css\/blank.gif\" alt=\"\" title=\"\" data-src=\"https:\/\/sculpture-park-wesenberg-bei-wu.de\/wp-content\/uploads\/Villa-1st-Living_1024.jpg\" \/>\n\n\n\t<img decoding=\"async\" class=\"ms-thumb\" src=\"https:\/\/sculpture-park-wesenberg-bei-wu.de\/wp-content\/uploads\/Villa-1st-Living_1024.jpg\" alt=\"\" \/>\n\t\t\t\t<\/div>\n\t\t\t<div  class=\"ms-slide\" data-delay=\"3\" data-fill-mode=\"fill\"   >\n\t\t\t\t\t<img decoding=\"async\" src=\"https:\/\/sculpture-park-wesenberg-bei-wu.de\/wp-content\/plugins\/masterslider\/public\/assets\/css\/blank.gif\" alt=\"\" title=\"\" data-src=\"https:\/\/sculpture-park-wesenberg-bei-wu.de\/wp-content\/uploads\/Villa-Bed-2_1024.jpg\" \/>\n\n\n\t<img decoding=\"async\" class=\"ms-thumb\" src=\"https:\/\/sculpture-park-wesenberg-bei-wu.de\/wp-content\/uploads\/Villa-Bed-2_1024.jpg\" alt=\"\" \/>\n\t\t\t\t<\/div>\n\t\t\t<div  class=\"ms-slide\" data-delay=\"3\" data-fill-mode=\"fill\"   >\n\t\t\t\t\t<img decoding=\"async\" src=\"https:\/\/sculpture-park-wesenberg-bei-wu.de\/wp-content\/plugins\/masterslider\/public\/assets\/css\/blank.gif\" alt=\"\" title=\"\" data-src=\"https:\/\/sculpture-park-wesenberg-bei-wu.de\/wp-content\/uploads\/Villa-Bed-4_1024.jpg\" \/>\n\n\n\t<img decoding=\"async\" class=\"ms-thumb\" src=\"https:\/\/sculpture-park-wesenberg-bei-wu.de\/wp-content\/uploads\/Villa-Bed-4_1024.jpg\" alt=\"\" \/>\n\t\t\t\t<\/div>\n\t\t\t<div  class=\"ms-slide\" data-delay=\"3\" data-fill-mode=\"fill\"   >\n\t\t\t\t\t<img decoding=\"async\" src=\"https:\/\/sculpture-park-wesenberg-bei-wu.de\/wp-content\/plugins\/masterslider\/public\/assets\/css\/blank.gif\" alt=\"\" title=\"\" data-src=\"https:\/\/sculpture-park-wesenberg-bei-wu.de\/wp-content\/uploads\/Villa-Bed-6_1024.jpg\" \/>\n\n\n\t<img decoding=\"async\" class=\"ms-thumb\" src=\"https:\/\/sculpture-park-wesenberg-bei-wu.de\/wp-content\/uploads\/Villa-Bed-6_1024.jpg\" alt=\"\" \/>\n\t\t\t\t<\/div>\n\t\t\t<div  class=\"ms-slide\" data-delay=\"3\" data-fill-mode=\"fill\"   >\n\t\t\t\t\t<img decoding=\"async\" src=\"https:\/\/sculpture-park-wesenberg-bei-wu.de\/wp-content\/plugins\/masterslider\/public\/assets\/css\/blank.gif\" alt=\"\" title=\"\" data-src=\"https:\/\/sculpture-park-wesenberg-bei-wu.de\/wp-content\/uploads\/Villa-Bed-1_1024.jpg\" \/>\n\n\n\t<img decoding=\"async\" class=\"ms-thumb\" src=\"https:\/\/sculpture-park-wesenberg-bei-wu.de\/wp-content\/uploads\/Villa-Bed-1_1024.jpg\" alt=\"\" \/>\n\t\t\t\t<\/div>\n\t\t\t<div  class=\"ms-slide\" data-delay=\"3\" data-fill-mode=\"fill\"   >\n\t\t\t\t\t<img decoding=\"async\" src=\"https:\/\/sculpture-park-wesenberg-bei-wu.de\/wp-content\/plugins\/masterslider\/public\/assets\/css\/blank.gif\" alt=\"\" title=\"\" data-src=\"https:\/\/sculpture-park-wesenberg-bei-wu.de\/wp-content\/uploads\/Villa-Attic-Bed_1024.jpg\" \/>\n\n\n\t<img decoding=\"async\" class=\"ms-thumb\" src=\"https:\/\/sculpture-park-wesenberg-bei-wu.de\/wp-content\/uploads\/Villa-Attic-Bed_1024.jpg\" alt=\"\" \/>\n\t\t\t\t<\/div>\n\t\t\t<div  class=\"ms-slide\" data-delay=\"3\" data-fill-mode=\"fill\"   >\n\t\t\t\t\t<img decoding=\"async\" src=\"https:\/\/sculpture-park-wesenberg-bei-wu.de\/wp-content\/plugins\/masterslider\/public\/assets\/css\/blank.gif\" alt=\"\" title=\"\" data-src=\"https:\/\/sculpture-park-wesenberg-bei-wu.de\/wp-content\/uploads\/Villa-Attic-2_1024.jpg\" \/>\n\n\n\t<img decoding=\"async\" class=\"ms-thumb\" src=\"https:\/\/sculpture-park-wesenberg-bei-wu.de\/wp-content\/uploads\/Villa-Attic-2_1024.jpg\" alt=\"\" \/>\n\t\t\t\t<\/div>\n\t\t\t<div  class=\"ms-slide\" data-delay=\"3\" data-fill-mode=\"fill\"   >\n\t\t\t\t\t<img decoding=\"async\" src=\"https:\/\/sculpture-park-wesenberg-bei-wu.de\/wp-content\/plugins\/masterslider\/public\/assets\/css\/blank.gif\" alt=\"\" title=\"\" data-src=\"https:\/\/sculpture-park-wesenberg-bei-wu.de\/wp-content\/uploads\/Villa-Attic-6_1024.jpg\" \/>\n\n\n\t<img decoding=\"async\" class=\"ms-thumb\" src=\"https:\/\/sculpture-park-wesenberg-bei-wu.de\/wp-content\/uploads\/Villa-Attic-6_1024.jpg\" alt=\"\" \/>\n\t\t\t\t<\/div>\n\t\t\t<div  class=\"ms-slide\" data-delay=\"3\" data-fill-mode=\"fill\"   >\n\t\t\t\t\t<img decoding=\"async\" src=\"https:\/\/sculpture-park-wesenberg-bei-wu.de\/wp-content\/plugins\/masterslider\/public\/assets\/css\/blank.gif\" alt=\"\" title=\"\" data-src=\"https:\/\/sculpture-park-wesenberg-bei-wu.de\/wp-content\/uploads\/Hunt-Lodge-Living_1024.jpg\" \/>\n\n\n\t<img decoding=\"async\" class=\"ms-thumb\" src=\"https:\/\/sculpture-park-wesenberg-bei-wu.de\/wp-content\/uploads\/Hunt-Lodge-Living_1024.jpg\" alt=\"\" \/>\n\t\t\t\t<\/div>\n\t\t\t<div  class=\"ms-slide\" data-delay=\"3\" data-fill-mode=\"fill\"   >\n\t\t\t\t\t<img decoding=\"async\" src=\"https:\/\/sculpture-park-wesenberg-bei-wu.de\/wp-content\/plugins\/masterslider\/public\/assets\/css\/blank.gif\" alt=\"\" title=\"\" data-src=\"https:\/\/sculpture-park-wesenberg-bei-wu.de\/wp-content\/uploads\/Hunt-Lodge-Bed-1_1024.jpg\" \/>\n\n\n\t<img decoding=\"async\" class=\"ms-thumb\" src=\"https:\/\/sculpture-park-wesenberg-bei-wu.de\/wp-content\/uploads\/Hunt-Lodge-Bed-1_1024.jpg\" alt=\"\" \/>\n\t\t\t\t<\/div>\n\t\t\t<div  class=\"ms-slide\" data-delay=\"3\" data-fill-mode=\"fill\"   >\n\t\t\t\t\t<img decoding=\"async\" src=\"https:\/\/sculpture-park-wesenberg-bei-wu.de\/wp-content\/plugins\/masterslider\/public\/assets\/css\/blank.gif\" alt=\"\" title=\"13 - Hunt Lodge Bath_1024\" data-src=\"https:\/\/sculpture-park-wesenberg-bei-wu.de\/wp-content\/uploads\/Hunt-Lodge-Bath_1024.jpg\" \/>\n\n\n\t<img decoding=\"async\" class=\"ms-thumb\" src=\"https:\/\/sculpture-park-wesenberg-bei-wu.de\/wp-content\/uploads\/Hunt-Lodge-Bath_1024.jpg\" alt=\"\" \/>\n\t\t\t\t<\/div>\n\t\t\t<div  class=\"ms-slide\" data-delay=\"3\" data-fill-mode=\"fill\"   >\n\t\t\t\t\t<img decoding=\"async\" src=\"https:\/\/sculpture-park-wesenberg-bei-wu.de\/wp-content\/plugins\/masterslider\/public\/assets\/css\/blank.gif\" alt=\"\" title=\"14 - Hunt Lodge 1st Living 3_1024\" data-src=\"https:\/\/sculpture-park-wesenberg-bei-wu.de\/wp-content\/uploads\/Hunt-Lodge-1st-Living-3_1024.jpg\" \/>\n\n\n\t<img decoding=\"async\" class=\"ms-thumb\" src=\"https:\/\/sculpture-park-wesenberg-bei-wu.de\/wp-content\/uploads\/Hunt-Lodge-1st-Living-3_1024.jpg\" alt=\"\" \/>\n\t\t\t\t<\/div>\n\t\t\t<div  class=\"ms-slide\" data-delay=\"3\" data-fill-mode=\"fill\"   >\n\t\t\t\t\t<img decoding=\"async\" src=\"https:\/\/sculpture-park-wesenberg-bei-wu.de\/wp-content\/plugins\/masterslider\/public\/assets\/css\/blank.gif\" alt=\"\" title=\"15 - Hunt Lodge 1st Bed_1024\" data-src=\"https:\/\/sculpture-park-wesenberg-bei-wu.de\/wp-content\/uploads\/Hunt-Lodge-1st-Bed_1024.jpg\" \/>\n\n\n\t<img decoding=\"async\" class=\"ms-thumb\" src=\"https:\/\/sculpture-park-wesenberg-bei-wu.de\/wp-content\/uploads\/Hunt-Lodge-1st-Bed_1024.jpg\" alt=\"\" \/>\n\t\t\t\t<\/div>\n\t\t\t<div  class=\"ms-slide\" data-delay=\"3\" data-fill-mode=\"fill\"   >\n\t\t\t\t\t<img decoding=\"async\" src=\"https:\/\/sculpture-park-wesenberg-bei-wu.de\/wp-content\/plugins\/masterslider\/public\/assets\/css\/blank.gif\" alt=\"\" title=\"16 - Hunt Lodge Bed 4_1024\" data-src=\"https:\/\/sculpture-park-wesenberg-bei-wu.de\/wp-content\/uploads\/Hunt-Lodge-Bed-4_1024.jpg\" \/>\n\n\n\t<img decoding=\"async\" class=\"ms-thumb\" src=\"https:\/\/sculpture-park-wesenberg-bei-wu.de\/wp-content\/uploads\/Hunt-Lodge-Bed-4_1024.jpg\" alt=\"\" \/>\n\t\t\t\t<\/div>\n\t\t\t<div  class=\"ms-slide\" data-delay=\"3\" data-fill-mode=\"fill\"   >\n\t\t\t\t\t<img decoding=\"async\" src=\"https:\/\/sculpture-park-wesenberg-bei-wu.de\/wp-content\/plugins\/masterslider\/public\/assets\/css\/blank.gif\" alt=\"\" title=\"17 - Hunt Lodge 1st Dining_1024\" data-src=\"https:\/\/sculpture-park-wesenberg-bei-wu.de\/wp-content\/uploads\/Hunt-Lodge-1st-Dining_1024.jpg\" \/>\n\n\n\t<img decoding=\"async\" class=\"ms-thumb\" src=\"https:\/\/sculpture-park-wesenberg-bei-wu.de\/wp-content\/uploads\/Hunt-Lodge-1st-Dining_1024.jpg\" alt=\"\" \/>\n\t\t\t\t<\/div>\n\t\t\t<div  class=\"ms-slide\" data-delay=\"3\" data-fill-mode=\"fill\"   >\n\t\t\t\t\t<img decoding=\"async\" src=\"https:\/\/sculpture-park-wesenberg-bei-wu.de\/wp-content\/plugins\/masterslider\/public\/assets\/css\/blank.gif\" alt=\"\" title=\"18 - Hunt Lodge 1st Windows_1024\" data-src=\"https:\/\/sculpture-park-wesenberg-bei-wu.de\/wp-content\/uploads\/Hunt-Lodge-1st-Windows_1024.jpg\" \/>\n\n\n\t<img decoding=\"async\" class=\"ms-thumb\" src=\"https:\/\/sculpture-park-wesenberg-bei-wu.de\/wp-content\/uploads\/Hunt-Lodge-1st-Windows_1024.jpg\" alt=\"\" \/>\n\t\t\t\t<\/div>\n\t\t\t<div  class=\"ms-slide\" data-delay=\"3\" data-fill-mode=\"fill\"   >\n\t\t\t\t\t<img decoding=\"async\" src=\"https:\/\/sculpture-park-wesenberg-bei-wu.de\/wp-content\/plugins\/masterslider\/public\/assets\/css\/blank.gif\" alt=\"\" title=\"19 - Hunt Lodge Attic 1 _1024\" data-src=\"https:\/\/sculpture-park-wesenberg-bei-wu.de\/wp-content\/uploads\/Hunt-Lodge-Attic-1-_1024.jpg\" \/>\n\n\n\t<img decoding=\"async\" class=\"ms-thumb\" src=\"https:\/\/sculpture-park-wesenberg-bei-wu.de\/wp-content\/uploads\/Hunt-Lodge-Attic-1-_1024.jpg\" alt=\"\" \/>\n\t\t\t\t<\/div>\n\t\t\t<div  class=\"ms-slide\" data-delay=\"3\" data-fill-mode=\"fill\"   >\n\t\t\t\t\t<img decoding=\"async\" src=\"https:\/\/sculpture-park-wesenberg-bei-wu.de\/wp-content\/plugins\/masterslider\/public\/assets\/css\/blank.gif\" alt=\"\" title=\"20 - Hunt Lodge Attic 3_1024\" data-src=\"https:\/\/sculpture-park-wesenberg-bei-wu.de\/wp-content\/uploads\/Hunt-Lodge-Attic-3_1024.jpg\" \/>\n\n\n\t<img decoding=\"async\" class=\"ms-thumb\" src=\"https:\/\/sculpture-park-wesenberg-bei-wu.de\/wp-content\/uploads\/Hunt-Lodge-Attic-3_1024.jpg\" alt=\"\" \/>\n\t\t\t\t<\/div>\n\n\t\t\t<\/div>\n\t\t\t<!-- END MasterSlider Main -->\n\n\t\t\t \n\t\t<\/div>\n\t\t<!-- END MasterSlider -->\n\n\t\t<script>\n\t\t( window.MSReady = window.MSReady || [] ).push( function( $ ) {\n\n\t\t\t\"use strict\";\n\t\t\tvar masterslider_93a4 = new MasterSlider();\n\n\t\t\t\/\/ slider controls\n\t\t\tmasterslider_93a4.control('arrows'     ,{ autohide:true, overVideo:true  });\n\t\t\tmasterslider_93a4.control('thumblist'  ,{ autohide:false, overVideo:true, dir:'h', speed:17, inset:false, arrows:false, hover:false, customClass:'', align:'bottom',type:'thumbs', margin:5, width:100, height:80, space:5, fillMode:'fill'  });\n\t\t\tmasterslider_93a4.control('scrollbar'  ,{ autohide:false, overVideo:true, dir:'h', inset:true, align:'top', color:'#3D3D3D' , margin:10  , width:4 });\n\t\t\t\/\/ slider setup\n\t\t\tmasterslider_93a4.setup(\"MS69f7d43a893a4\", {\n\t\t\t\twidth           : 1000,\n\t\t\t\theight          : 500,\n\t\t\t\tminHeight       : 0,\n\t\t\t\tspace           : 0,\n\t\t\t\tstart           : 1,\n\t\t\t\tgrabCursor      : true,\n\t\t\t\tswipe           : true,\n\t\t\t\tmouse           : true,\n\t\t\t\tkeyboard        : false,\n\t\t\t\tlayout          : \"boxed\",\n\t\t\t\twheel           : false,\n\t\t\t\tautoplay        : false,\n                instantStartLayers:false,\n\t\t\t\tmobileBGVideo:false,\n\t\t\t\tloop            : false,\n\t\t\t\tshuffle         : false,\n\t\t\t\tpreload         : 2,\n\t\t\t\theightLimit     : true,\n\t\t\t\tautoHeight      : true,\n\t\t\t\tsmoothHeight    : true,\n\t\t\t\tendPause        : false,\n\t\t\t\toverPause       : true,\n\t\t\t\tfillMode        : \"fill\",\n\t\t\t\tcenterControls  : false,\n\t\t\t\tstartOnAppear   : false,\n\t\t\t\tlayersMode      : \"center\",\n\t\t\t\tautofillTarget  : \"\",\n\t\t\t\thideLayers      : false,\n\t\t\t\tfullscreenMargin: 0,\n\t\t\t\tspeed           : 20,\n\t\t\t\tdir             : \"h\",\n\t\t\t\tresponsive      : true,\n\t\t\t\ttabletWidth     : 768,\n\t\t\t\ttabletHeight    : null,\n\t\t\t\tphoneWidth      : 480,\n\t\t\t\tphoneHeight    : null,\n\t\t\t\tsizingReference : window,\n\t\t\t\tparallaxMode    : 'swipe',\n\t\t\t\tview            : \"basic\"\n\t\t\t});\n\n\t\t\t\n\t\t\twindow.masterslider_instances = window.masterslider_instances || [];\n\t\t\twindow.masterslider_instances.push( masterslider_93a4 );\n\t\t});\n\t\t<\/script>\n\n<\/div>\n\t\t\t\t\t\t<\/div>\n\t\t\t\t<\/div>\n\t\t\t\t<div class=\"elementor-element elementor-element-3959dbcc elementor-widget elementor-widget-spacer\" data-id=\"3959dbcc\" data-element_type=\"widget\" data-e-type=\"widget\" data-widget_type=\"spacer.default\">\n\t\t\t\t<div class=\"elementor-widget-container\">\n\t\t\t\t\t\t\t<div class=\"elementor-spacer\">\n\t\t\t<div class=\"elementor-spacer-inner\"><\/div>\n\t\t<\/div>\n\t\t\t\t\t\t<\/div>\n\t\t\t\t<\/div>\n\t\t\t\t<div class=\"elementor-element elementor-element-5686bf07 elementor-widget elementor-widget-text-editor\" data-id=\"5686bf07\" data-element_type=\"widget\" data-e-type=\"widget\" data-widget_type=\"text-editor.default\">\n\t\t\t\t<div class=\"elementor-widget-container\">\n\t\t\t\t\t\t\t\t\t<p style=\"text-align: center;\"> Park Residenz Bei Wu ist der perfekte Veranstaltungsort f\u00fcr Geburtstags- und Hochzeitsfeiern,<\/p>\n<p style=\"text-align: center;\">Firmenveranstaltungen, Empf\u00e4nge und Produktpr\u00e4sentationen.<\/p>\n<\/p>\n<p style=\"text-align: center;\">Wir organisieren f\u00fcr Sie:<\/p>\n<\/p>\n<ul style=\"padding-left: 40%;\" type=\"circle\">\n<li style=\"text-align: left;\">Champagner Empf\u00e4nge<\/li>\n<li style=\"text-align: left;\">Romantische Gruppen-Dinner<\/li>\n<li style=\"text-align: left;\">Art Shows<\/li>\n<li style=\"text-align: left;\">Kunstausstellungen<\/li>\n<li style=\"text-align: left;\">Konzerte<\/li>\n<li style=\"text-align: left;\">Seminare<\/li>\n<li style=\"text-align: left;\">Wellness Angebote<\/li>\n<\/ul>\n\t\t\t\t\t\t\t\t<\/div>\n\t\t\t\t<\/div>\n\t\t\t\t<div class=\"elementor-element elementor-element-14119093 elementor-widget elementor-widget-spacer\" data-id=\"14119093\" data-element_type=\"widget\" data-e-type=\"widget\" data-widget_type=\"spacer.default\">\n\t\t\t\t<div class=\"elementor-widget-container\">\n\t\t\t\t\t\t\t<div class=\"elementor-spacer\">\n\t\t\t<div class=\"elementor-spacer-inner\"><\/div>\n\t\t<\/div>\n\t\t\t\t\t\t<\/div>\n\t\t\t\t<\/div>\n\t\t\t\t<div class=\"elementor-element elementor-element-7ea5187 elementor-widget elementor-widget-customvideo\" data-id=\"7ea5187\" data-element_type=\"widget\" data-e-type=\"widget\" data-widget_type=\"customvideo.default\">\n\t\t\t\t<div class=\"elementor-widget-container\">\n\t\t\t\t\t<div class=\"customvideo video-237107118\"><lite-vimeo videoid=\"237107118\"><\/lite-vimeo><\/div>\t\t\t\t<\/div>\n\t\t\t\t<\/div>\n\t\t\t\t<div class=\"elementor-element elementor-element-747bff38 elementor-widget elementor-widget-text-editor\" data-id=\"747bff38\" data-element_type=\"widget\" data-e-type=\"widget\" data-widget_type=\"text-editor.default\">\n\t\t\t\t<div class=\"elementor-widget-container\">\n\t\t\t\t\t\t\t\t\t<p style=\"text-align: center;\"><span style=\"color: #000000; font-family: 'Open Sans', 'Helvetica Neue', Helvetica, Arial, sans-serif; font-size: 15px; text-align: center;\">Veranstaltungen und M\u00f6glichkeiten (2 Minuten 51 Sekunden)<\/span><\/p>\n\t\t\t\t\t\t\t\t<\/div>\n\t\t\t\t<\/div>\n\t\t\t\t\t<\/div>\n\t\t<\/div>\n\t\t\t\t\t<\/div>\n\t\t<\/section>\n\t\t\t\t<section class=\"elementor-section elementor-top-section elementor-element elementor-element-bb369cf elementor-section-boxed elementor-section-height-default elementor-section-height-default\" data-id=\"bb369cf\" data-element_type=\"section\" data-e-type=\"section\">\n\t\t\t\t\t\t<div class=\"elementor-container elementor-column-gap-default\">\n\t\t\t\t\t<div class=\"elementor-column elementor-col-100 elementor-top-column elementor-element elementor-element-8776403\" data-id=\"8776403\" data-element_type=\"column\" data-e-type=\"column\">\n\t\t\t<div class=\"elementor-widget-wrap elementor-element-populated\">\n\t\t\t\t\t\t<div class=\"elementor-element elementor-element-17844ea elementor-align-center elementor-widget elementor-widget-elementskit-button\" data-id=\"17844ea\" data-element_type=\"widget\" data-e-type=\"widget\" data-widget_type=\"elementskit-button.default\">\n\t\t\t\t<div class=\"elementor-widget-container\">\n\t\t\t\t\t<div class=\"ekit-wid-con\" >\t\t<div class=\"ekit-btn-wraper\">\n\t\t\t\t\t\t\t<a href=\"https:\/\/park-residence-bei-wu.de\/\" target=\"_blank\" class=\"elementskit-btn  whitespace--normal\" id=\"\">\n\t\t\t\t\t<i class=\"fas fa-external-link-alt\"><\/i>park-residence-bei-wu.de\t\t\t\t<\/a>\n\t\t\t\t\t<\/div>\n        <\/div>\t\t\t\t<\/div>\n\t\t\t\t<\/div>\n\t\t\t\t\t<\/div>\n\t\t<\/div>\n\t\t\t\t\t<\/div>\n\t\t<\/section>\n\t\t\t\t<\/div>\n\t\t","protected":false},"excerpt":{"rendered":"<p>Park Residence Bei Wu Exklusiver Landhaus Lebensstil im B&amp;B am Weissen See Als ein beliebtes Reiseziel am Eingang des weltber\u00fchmten M\u00fcritz Nationalparks gelegen, gibt es in der Park Residenz Bei Wu neben exquisiter Unterbringung auch ein reichhaltiges Angebot von Kunst und Musik. Die Sporteinrichtungen sind hier perfekt f\u00fcr Naturliebhaber; neben dem zum Schwimmen verlockenden kristallklaren [&hellip;]<\/p>\n","protected":false},"author":1,"featured_media":0,"parent":0,"menu_order":0,"comment_status":"closed","ping_status":"closed","template":"","meta":{"footnotes":""},"class_list":["post-2802","page","type-page","status-publish","hentry"],"_links":{"self":[{"href":"https:\/\/sculpture-park-wesenberg-bei-wu.de\/de\/wp-json\/wp\/v2\/pages\/2802","targetHints":{"allow":["GET"]}}],"collection":[{"href":"https:\/\/sculpture-park-wesenberg-bei-wu.de\/de\/wp-json\/wp\/v2\/pages"}],"about":[{"href":"https:\/\/sculpture-park-wesenberg-bei-wu.de\/de\/wp-json\/wp\/v2\/types\/page"}],"author":[{"embeddable":true,"href":"https:\/\/sculpture-park-wesenberg-bei-wu.de\/de\/wp-json\/wp\/v2\/users\/1"}],"replies":[{"embeddable":true,"href":"https:\/\/sculpture-park-wesenberg-bei-wu.de\/de\/wp-json\/wp\/v2\/comments?post=2802"}],"version-history":[{"count":7,"href":"https:\/\/sculpture-park-wesenberg-bei-wu.de\/de\/wp-json\/wp\/v2\/pages\/2802\/revisions"}],"predecessor-version":[{"id":2977,"href":"https:\/\/sculpture-park-wesenberg-bei-wu.de\/de\/wp-json\/wp\/v2\/pages\/2802\/revisions\/2977"}],"wp:attachment":[{"href":"https:\/\/sculpture-park-wesenberg-bei-wu.de\/de\/wp-json\/wp\/v2\/media?parent=2802"}],"curies":[{"name":"wp","href":"https:\/\/api.w.org\/{rel}","templated":true}]}}